{"id":110,"date":"2014-03-01T04:48:30","date_gmt":"2014-03-01T04:48:30","guid":{"rendered":"http:\/\/demo.themegrill.com\/radiate\/?page_id=110"},"modified":"2025-05-20T16:13:54","modified_gmt":"2025-05-20T16:13:54","slug":"wordpress-tiled-gallery","status":"publish","type":"page","link":"https:\/\/imanzentrum.de\/?page_id=110","title":{"rendered":"Aktivit\u00e4ten"},"content":{"rendered":"\n<p><strong>Eid Gala 2019<\/strong><\/p>\n\n\n\n<figure class=\"wp-block-image size-full\"><img loading=\"lazy\" decoding=\"async\" width=\"817\" height=\"805\" src=\"https:\/\/imanzentrum.de\/wp-content\/uploads\/2025\/04\/Eid-Gala.png\" alt=\"\" class=\"wp-image-391\" srcset=\"https:\/\/imanzentrum.de\/wp-content\/uploads\/2025\/04\/Eid-Gala.png 817w, https:\/\/imanzentrum.de\/wp-content\/uploads\/2025\/04\/Eid-Gala-300x296.png 300w, https:\/\/imanzentrum.de\/wp-content\/uploads\/2025\/04\/Eid-Gala-768x757.png 768w\" sizes=\"auto, (max-width: 817px) 100vw, 817px\" \/><\/figure>\n\n\n\n<figure class=\"wp-block-image size-large\"><img loading=\"lazy\" decoding=\"async\" width=\"1024\" height=\"768\" src=\"https:\/\/imanzentrum.de\/wp-content\/uploads\/2025\/04\/RGYU2498-1024x768.jpg\" alt=\"\" class=\"wp-image-403\" srcset=\"https:\/\/imanzentrum.de\/wp-content\/uploads\/2025\/04\/RGYU2498-1024x768.jpg 1024w, https:\/\/imanzentrum.de\/wp-content\/uploads\/2025\/04\/RGYU2498-300x225.jpg 300w, https:\/\/imanzentrum.de\/wp-content\/uploads\/2025\/04\/RGYU2498-768x576.jpg 768w, https:\/\/imanzentrum.de\/wp-content\/uploads\/2025\/04\/RGYU2498-1536x1152.jpg 1536w, https:\/\/imanzentrum.de\/wp-content\/uploads\/2025\/04\/RGYU2498.jpg 1600w\" sizes=\"auto, (max-width: 1024px) 100vw, 1024px\" \/><\/figure>\n\n\n\n<figure class=\"wp-block-image size-large\"><img loading=\"lazy\" decoding=\"async\" width=\"1024\" height=\"768\" src=\"https:\/\/imanzentrum.de\/wp-content\/uploads\/2025\/04\/SCVD1006-1024x768.jpg\" alt=\"\" class=\"wp-image-405\" srcset=\"https:\/\/imanzentrum.de\/wp-content\/uploads\/2025\/04\/SCVD1006-1024x768.jpg 1024w, https:\/\/imanzentrum.de\/wp-content\/uploads\/2025\/04\/SCVD1006-300x225.jpg 300w, https:\/\/imanzentrum.de\/wp-content\/uploads\/2025\/04\/SCVD1006-768x576.jpg 768w, https:\/\/imanzentrum.de\/wp-content\/uploads\/2025\/04\/SCVD1006-1536x1152.jpg 1536w, https:\/\/imanzentrum.de\/wp-content\/uploads\/2025\/04\/SCVD1006.jpg 1600w\" sizes=\"auto, (max-width: 1024px) 100vw, 1024px\" \/><\/figure>\n\n\n\n<figure class=\"wp-block-image size-large\"><img loading=\"lazy\" decoding=\"async\" width=\"1024\" height=\"768\" src=\"https:\/\/imanzentrum.de\/wp-content\/uploads\/2025\/04\/VNUP6197-1024x768.jpg\" alt=\"\" class=\"wp-image-406\" srcset=\"https:\/\/imanzentrum.de\/wp-content\/uploads\/2025\/04\/VNUP6197-1024x768.jpg 1024w, https:\/\/imanzentrum.de\/wp-content\/uploads\/2025\/04\/VNUP6197-300x225.jpg 300w, https:\/\/imanzentrum.de\/wp-content\/uploads\/2025\/04\/VNUP6197-768x576.jpg 768w, https:\/\/imanzentrum.de\/wp-content\/uploads\/2025\/04\/VNUP6197-1536x1152.jpg 1536w, https:\/\/imanzentrum.de\/wp-content\/uploads\/2025\/04\/VNUP6197.jpg 1600w\" sizes=\"auto, (max-width: 1024px) 100vw, 1024px\" \/><\/figure>\n\n\n\n<figure class=\"wp-block-image size-large\"><img loading=\"lazy\" decoding=\"async\" width=\"1024\" height=\"484\" src=\"https:\/\/imanzentrum.de\/wp-content\/uploads\/2025\/05\/IMG_8483-1024x484.jpg\" alt=\"\" class=\"wp-image-442\" srcset=\"https:\/\/imanzentrum.de\/wp-content\/uploads\/2025\/05\/IMG_8483-1024x484.jpg 1024w, https:\/\/imanzentrum.de\/wp-content\/uploads\/2025\/05\/IMG_8483-300x142.jpg 300w, https:\/\/imanzentrum.de\/wp-content\/uploads\/2025\/05\/IMG_8483-768x363.jpg 768w, https:\/\/imanzentrum.de\/wp-content\/uploads\/2025\/05\/IMG_8483-1536x727.jpg 1536w, https:\/\/imanzentrum.de\/wp-content\/uploads\/2025\/05\/IMG_8483.jpg 1600w\" sizes=\"auto, (max-width: 1024px) 100vw, 1024px\" \/><\/figure>\n\n\n\n<figure class=\"wp-block-image size-large\"><img loading=\"lazy\" decoding=\"async\" width=\"1024\" height=\"485\" src=\"https:\/\/imanzentrum.de\/wp-content\/uploads\/2025\/05\/IMG_8478-1024x485.jpg\" alt=\"\" class=\"wp-image-443\" srcset=\"https:\/\/imanzentrum.de\/wp-content\/uploads\/2025\/05\/IMG_8478-1024x485.jpg 1024w, https:\/\/imanzentrum.de\/wp-content\/uploads\/2025\/05\/IMG_8478-300x142.jpg 300w, https:\/\/imanzentrum.de\/wp-content\/uploads\/2025\/05\/IMG_8478-768x364.jpg 768w, https:\/\/imanzentrum.de\/wp-content\/uploads\/2025\/05\/IMG_8478-1536x728.jpg 1536w, https:\/\/imanzentrum.de\/wp-content\/uploads\/2025\/05\/IMG_8478.jpg 1599w\" sizes=\"auto, (max-width: 1024px) 100vw, 1024px\" \/><\/figure>\n\n\n\n<figure class=\"wp-block-image size-large\"><img loading=\"lazy\" decoding=\"async\" width=\"1024\" height=\"1024\" src=\"https:\/\/imanzentrum.de\/wp-content\/uploads\/2025\/05\/IMG_8543-1024x1024.jpg\" alt=\"\" class=\"wp-image-440\" srcset=\"https:\/\/imanzentrum.de\/wp-content\/uploads\/2025\/05\/IMG_8543-1024x1024.jpg 1024w, https:\/\/imanzentrum.de\/wp-content\/uploads\/2025\/05\/IMG_8543-300x300.jpg 300w, https:\/\/imanzentrum.de\/wp-content\/uploads\/2025\/05\/IMG_8543-150x150.jpg 150w, https:\/\/imanzentrum.de\/wp-content\/uploads\/2025\/05\/IMG_8543-768x768.jpg 768w, https:\/\/imanzentrum.de\/wp-content\/uploads\/2025\/05\/IMG_8543.jpg 1512w\" sizes=\"auto, (max-width: 1024px) 100vw, 1024px\" \/><\/figure>\n\n\n\n<p><strong>15 J\u00e4hriges Jubil\u00e4um &#8211; 2016<\/strong><\/p>\n\n\n\n<figure class=\"wp-block-image size-full\"><img loading=\"lazy\" decoding=\"async\" width=\"960\" height=\"348\" src=\"https:\/\/imanzentrum.de\/wp-content\/uploads\/2025\/05\/Bild-9.jpg\" alt=\"\" class=\"wp-image-453\" srcset=\"https:\/\/imanzentrum.de\/wp-content\/uploads\/2025\/05\/Bild-9.jpg 960w, https:\/\/imanzentrum.de\/wp-content\/uploads\/2025\/05\/Bild-9-300x109.jpg 300w, https:\/\/imanzentrum.de\/wp-content\/uploads\/2025\/05\/Bild-9-768x278.jpg 768w\" sizes=\"auto, (max-width: 960px) 100vw, 960px\" \/><\/figure>\n\n\n\n<figure class=\"wp-block-image size-full\"><img loading=\"lazy\" decoding=\"async\" width=\"960\" height=\"656\" src=\"https:\/\/imanzentrum.de\/wp-content\/uploads\/2025\/05\/Bild-1.jpg\" alt=\"\" class=\"wp-image-454\" srcset=\"https:\/\/imanzentrum.de\/wp-content\/uploads\/2025\/05\/Bild-1.jpg 960w, https:\/\/imanzentrum.de\/wp-content\/uploads\/2025\/05\/Bild-1-300x205.jpg 300w, https:\/\/imanzentrum.de\/wp-content\/uploads\/2025\/05\/Bild-1-768x525.jpg 768w\" sizes=\"auto, (max-width: 960px) 100vw, 960px\" \/><\/figure>\n\n\n\n<p>die 15. Jubil\u00e4umsfeier fand im Nova Event Center in Darmstadt statt<\/p>\n\n\n\n<figure class=\"wp-block-image size-full\"><img loading=\"lazy\" decoding=\"async\" width=\"640\" height=\"640\" src=\"https:\/\/imanzentrum.de\/wp-content\/uploads\/2025\/05\/Bild-11.jpg\" alt=\"\" class=\"wp-image-455\" srcset=\"https:\/\/imanzentrum.de\/wp-content\/uploads\/2025\/05\/Bild-11.jpg 640w, https:\/\/imanzentrum.de\/wp-content\/uploads\/2025\/05\/Bild-11-300x300.jpg 300w, https:\/\/imanzentrum.de\/wp-content\/uploads\/2025\/05\/Bild-11-150x150.jpg 150w\" sizes=\"auto, (max-width: 640px) 100vw, 640px\" \/><\/figure>\n\n\n\n<figure class=\"wp-block-image size-large\"><img loading=\"lazy\" decoding=\"async\" width=\"1024\" height=\"768\" src=\"https:\/\/imanzentrum.de\/wp-content\/uploads\/2025\/05\/Bild-4-1024x768.jpg\" alt=\"\" class=\"wp-image-456\" srcset=\"https:\/\/imanzentrum.de\/wp-content\/uploads\/2025\/05\/Bild-4-1024x768.jpg 1024w, https:\/\/imanzentrum.de\/wp-content\/uploads\/2025\/05\/Bild-4-300x225.jpg 300w, https:\/\/imanzentrum.de\/wp-content\/uploads\/2025\/05\/Bild-4-768x576.jpg 768w, https:\/\/imanzentrum.de\/wp-content\/uploads\/2025\/05\/Bild-4-1536x1152.jpg 1536w, https:\/\/imanzentrum.de\/wp-content\/uploads\/2025\/05\/Bild-4.jpg 1600w\" sizes=\"auto, (max-width: 1024px) 100vw, 1024px\" \/><\/figure>\n\n\n\n<figure class=\"wp-block-image size-large\"><img loading=\"lazy\" decoding=\"async\" width=\"1024\" height=\"768\" src=\"https:\/\/imanzentrum.de\/wp-content\/uploads\/2025\/05\/Bild-8-1024x768.jpg\" alt=\"\" class=\"wp-image-457\" srcset=\"https:\/\/imanzentrum.de\/wp-content\/uploads\/2025\/05\/Bild-8-1024x768.jpg 1024w, https:\/\/imanzentrum.de\/wp-content\/uploads\/2025\/05\/Bild-8-300x225.jpg 300w, https:\/\/imanzentrum.de\/wp-content\/uploads\/2025\/05\/Bild-8-768x576.jpg 768w, https:\/\/imanzentrum.de\/wp-content\/uploads\/2025\/05\/Bild-8-1536x1152.jpg 1536w, https:\/\/imanzentrum.de\/wp-content\/uploads\/2025\/05\/Bild-8.jpg 1600w\" sizes=\"auto, (max-width: 1024px) 100vw, 1024px\" \/><\/figure>\n\n\n\n<figure class=\"wp-block-image size-large\"><img loading=\"lazy\" decoding=\"async\" width=\"1024\" height=\"768\" src=\"https:\/\/imanzentrum.de\/wp-content\/uploads\/2025\/05\/Bild-7-1024x768.jpg\" alt=\"\" class=\"wp-image-458\" srcset=\"https:\/\/imanzentrum.de\/wp-content\/uploads\/2025\/05\/Bild-7-1024x768.jpg 1024w, https:\/\/imanzentrum.de\/wp-content\/uploads\/2025\/05\/Bild-7-300x225.jpg 300w, https:\/\/imanzentrum.de\/wp-content\/uploads\/2025\/05\/Bild-7-768x576.jpg 768w, https:\/\/imanzentrum.de\/wp-content\/uploads\/2025\/05\/Bild-7-1536x1152.jpg 1536w, https:\/\/imanzentrum.de\/wp-content\/uploads\/2025\/05\/Bild-7.jpg 1600w\" sizes=\"auto, (max-width: 1024px) 100vw, 1024px\" \/><\/figure>\n\n\n\n<figure class=\"wp-block-image size-large\"><img loading=\"lazy\" decoding=\"async\" width=\"768\" height=\"1024\" src=\"https:\/\/imanzentrum.de\/wp-content\/uploads\/2025\/05\/Bidl-5-768x1024.jpg\" alt=\"\" class=\"wp-image-459\" srcset=\"https:\/\/imanzentrum.de\/wp-content\/uploads\/2025\/05\/Bidl-5-768x1024.jpg 768w, https:\/\/imanzentrum.de\/wp-content\/uploads\/2025\/05\/Bidl-5-225x300.jpg 225w, https:\/\/imanzentrum.de\/wp-content\/uploads\/2025\/05\/Bidl-5-1152x1536.jpg 1152w, https:\/\/imanzentrum.de\/wp-content\/uploads\/2025\/05\/Bidl-5.jpg 1200w\" sizes=\"auto, (max-width: 768px) 100vw, 768px\" \/><\/figure>\n\n\n\n<figure class=\"wp-block-image size-full\"><img loading=\"lazy\" decoding=\"async\" width=\"600\" height=\"450\" src=\"https:\/\/imanzentrum.de\/wp-content\/uploads\/2025\/05\/Bild-2.jpg\" alt=\"\" class=\"wp-image-460\" srcset=\"https:\/\/imanzentrum.de\/wp-content\/uploads\/2025\/05\/Bild-2.jpg 600w, https:\/\/imanzentrum.de\/wp-content\/uploads\/2025\/05\/Bild-2-300x225.jpg 300w\" sizes=\"auto, (max-width: 600px) 100vw, 600px\" \/><\/figure>\n\n\n\n<figure class=\"wp-block-image size-large\"><img loading=\"lazy\" decoding=\"async\" width=\"1024\" height=\"768\" src=\"https:\/\/imanzentrum.de\/wp-content\/uploads\/2025\/05\/Bild-5-1024x768.jpg\" alt=\"\" class=\"wp-image-461\" srcset=\"https:\/\/imanzentrum.de\/wp-content\/uploads\/2025\/05\/Bild-5-1024x768.jpg 1024w, https:\/\/imanzentrum.de\/wp-content\/uploads\/2025\/05\/Bild-5-300x225.jpg 300w, https:\/\/imanzentrum.de\/wp-content\/uploads\/2025\/05\/Bild-5-768x576.jpg 768w, https:\/\/imanzentrum.de\/wp-content\/uploads\/2025\/05\/Bild-5-1536x1152.jpg 1536w, https:\/\/imanzentrum.de\/wp-content\/uploads\/2025\/05\/Bild-5.jpg 1600w\" sizes=\"auto, (max-width: 1024px) 100vw, 1024px\" \/><\/figure>\n\n\n\n<figure class=\"wp-block-image size-large\"><img loading=\"lazy\" decoding=\"async\" width=\"1024\" height=\"371\" src=\"https:\/\/imanzentrum.de\/wp-content\/uploads\/2025\/05\/Bild-10-1024x371.jpg\" alt=\"\" class=\"wp-image-462\" srcset=\"https:\/\/imanzentrum.de\/wp-content\/uploads\/2025\/05\/Bild-10-1024x371.jpg 1024w, https:\/\/imanzentrum.de\/wp-content\/uploads\/2025\/05\/Bild-10-300x109.jpg 300w, https:\/\/imanzentrum.de\/wp-content\/uploads\/2025\/05\/Bild-10-768x278.jpg 768w, https:\/\/imanzentrum.de\/wp-content\/uploads\/2025\/05\/Bild-10-1536x557.jpg 1536w, https:\/\/imanzentrum.de\/wp-content\/uploads\/2025\/05\/Bild-10.jpg 2000w\" sizes=\"auto, (max-width: 1024px) 100vw, 1024px\" \/><\/figure>\n\n\n\n<figure class=\"wp-block-image size-full\"><img loading=\"lazy\" decoding=\"async\" width=\"651\" height=\"917\" src=\"https:\/\/imanzentrum.de\/wp-content\/uploads\/2025\/05\/Bild-13.jpg\" alt=\"\" class=\"wp-image-464\" srcset=\"https:\/\/imanzentrum.de\/wp-content\/uploads\/2025\/05\/Bild-13.jpg 651w, https:\/\/imanzentrum.de\/wp-content\/uploads\/2025\/05\/Bild-13-213x300.jpg 213w\" sizes=\"auto, (max-width: 651px) 100vw, 651px\" \/><\/figure>\n","protected":false},"excerpt":{"rendered":"<p>Eid Gala 2019 15 J\u00e4hriges Jubil\u00e4um &#8211; 2016 die 15. Jubil\u00e4umsfeier fand im Nova Event Center in Darmstadt statt<\/p>\n","protected":false},"author":1,"featured_media":0,"parent":87,"menu_order":0,"comment_status":"closed","ping_status":"open","template":"","meta":{"footnotes":""},"class_list":["post-110","page","type-page","status-publish","hentry"],"_links":{"self":[{"href":"https:\/\/imanzentrum.de\/index.php?rest_route=\/wp\/v2\/pages\/110","targetHints":{"allow":["GET"]}}],"collection":[{"href":"https:\/\/imanzentrum.de\/index.php?rest_route=\/wp\/v2\/pages"}],"about":[{"href":"https:\/\/imanzentrum.de\/index.php?rest_route=\/wp\/v2\/types\/page"}],"author":[{"embeddable":true,"href":"https:\/\/imanzentrum.de\/index.php?rest_route=\/wp\/v2\/users\/1"}],"replies":[{"embeddable":true,"href":"https:\/\/imanzentrum.de\/index.php?rest_route=%2Fwp%2Fv2%2Fcomments&post=110"}],"version-history":[{"count":8,"href":"https:\/\/imanzentrum.de\/index.php?rest_route=\/wp\/v2\/pages\/110\/revisions"}],"predecessor-version":[{"id":465,"href":"https:\/\/imanzentrum.de\/index.php?rest_route=\/wp\/v2\/pages\/110\/revisions\/465"}],"up":[{"embeddable":true,"href":"https:\/\/imanzentrum.de\/index.php?rest_route=\/wp\/v2\/pages\/87"}],"wp:attachment":[{"href":"https:\/\/imanzentrum.de\/index.php?rest_route=%2Fwp%2Fv2%2Fmedia&parent=110"}],"curies":[{"name":"wp","href":"https:\/\/api.w.org\/{rel}","templated":true}]}}