{"id":269,"date":"2022-07-06T08:20:25","date_gmt":"2022-07-06T08:20:25","guid":{"rendered":"https:\/\/themegrilldemos.com\/radiate\/themegrill-demo-showcase\/"},"modified":"2025-04-13T19:52:06","modified_gmt":"2025-04-13T19:52:06","slug":"themegrill-demo-showcase","status":"publish","type":"page","link":"https:\/\/imanzentrum.de\/?page_id=269","title":{"rendered":"\u00dcber uns !"},"content":{"rendered":"\n<p>Bereits seit 24 Jahren besteht das Imanzentrum in Darmstadt. Als unabh\u00e4ngiges, lokaes Bildungs- und Freizeitzentrum f\u00fcr muslimische Frauen im Herzen Darmstadts bieten wir einen Ort der Gemeinschaftlichkeit und der Unterst\u00fctzung.<\/p>\n\n\n\n<p>In unserer Einrichtung sind Frauen und M\u00e4dchen jeden Alters und jeder Nationalit\u00e4t jederzeit herzlich willkommen.&nbsp;Die meisten von uns sind in Deutschland geboren und aufgewachsen oder leben schon sehr lange hier. Viele von uns sind zum Islam konvertiert.<br>Wir sind eine Anlaufstelle f\u00fcr muslimische Frauen und M\u00e4dchen. Dar\u00fcberhinaus m\u00f6chten wir alle ansprechen, die sich aus pers\u00f6nlichem oder beruflichem Interesse \u00fcber den Islam und Muslime informieren wollen.<\/p>\n\n\n\n<p>Da uns Familiensinn wichtig ist, haben wir uns in den letzten Jahren auch vereinzelt f\u00fcr Veranstaltungen ge\u00f6ffnet bei denen auch M\u00e4nner willkommen sind. Gemeinsame Eid-Feiern mit der gesamten Familie oder Vortr\u00e4ge f\u00fcr V\u00e4ter wurden hervorragend angenommen und waren gut besucht.<\/p>\n\n\n\n<p>Unsere gemeinsame Kommunikationssprache ist Deutsch, auch&nbsp;<a rel=\"noreferrer noopener\" target=\"_blank\" href=\"https:\/\/emea01.safelinks.protection.outlook.com\/?url=https%3A%2F%2Fimanonline.de%2F%3Fp%3D210&amp;data=05%7C02%7C%7C8b50f2240cbc45559e1508dd7a16b9be%7C84df9e7fe9f640afb435aaaaaaaaaaaa%7C1%7C0%7C638800960200013756%7CUnknown%7CTWFpbGZsb3d8eyJFbXB0eU1hcGkiOnRydWUsIlYiOiIwLjAuMDAwMCIsIlAiOiJXaW4zMiIsIkFOIjoiTWFpbCIsIldUIjoyfQ%3D%3D%7C0%7C%7C%7C&amp;sdata=frVQHGpmmM1D8YLbfwzk1VGbKonruuh3RUlwAYibALU%3D&amp;reserved=0\">unsere Bildungs- und Freizeitangebote<\/a>&nbsp;finden auf Deutsch statt. Wir m\u00f6chten dazu einladen sich gegenseitig besser kennen zu lernen, Freundschaften zu pflegen sowie Gemeinschaftlichkeit und Unterst\u00fctzung zu erfahren.<\/p>\n\n\n\n<p>In unseren Reihen gibt es Akademikerinnen aus den verschiedensten Bereichen, Frauen, die sich ihren Familien verschrieben haben, selbstst\u00e4ndige Unternehmerinnen, Sch\u00fclerinnen und Angestellte. Sie alle verf\u00fcgen \u00fcber Kompetenzen, die das Imanzentrum in ihrer Summe zu dem machen was es ist. Dank vieler ehrenamtlicher Helferinnen k\u00f6nnen wir unseren Mitgliedern und Interessenten vielf\u00e4ltige Veranstaltungen zu Bildung und Freizeit bieten.<\/p>\n\n\n\n<p>Selbstverst\u00e4ndlich ist es uns ein wichtiges Anliegen den interkulturellen und interreligi\u00f6sen Dialog voranzutreiben. Man findet uns auf dem j\u00e4hrlichen Begegnungsfest am Luiseplatz in Darmstadt oder auch in Kooperation mit dem Frauenzentrum in der Darmst\u00e4dter Emilstra\u00dfe. Sowohl das gemeinsame interreligi\u00f6se Friedensgebet als auch der Tage der Vereine&nbsp;geh\u00f6ren jedes Jahr zu unseren Highlights.<\/p>\n\n\n\n<p>Wir &nbsp;als muslimische Frauen verstehen uns als selbstverst\u00e4ndlicher Teil dieser Gesellschaft und m\u00f6chten mit unseren Angeboten einen positiven Beitrag zu dieser Gesellschaft leisten<\/p>\n\n\n\n<p>Iman-Zentrum<\/p>\n\n\n\n<p><\/p>\n","protected":false},"excerpt":{"rendered":"<p>Bereits seit 24 Jahren besteht das Imanzentrum in Darmstadt. Als unabh\u00e4ngiges, lokaes Bildungs- und Freizeitzentrum f\u00fcr muslimische Frauen im Herzen Darmstadts bieten wir einen Ort der Gemeinschaftlichkeit und der Unterst\u00fctzung. In unserer Einrichtung sind Frauen und M\u00e4dchen jeden Alters und jeder Nationalit\u00e4t jederzeit herzlich willkommen.&nbsp;Die meisten von uns sind in Deutschland geboren und aufgewachsen oder [&hellip;]<\/p>\n","protected":false},"author":1,"featured_media":0,"parent":0,"menu_order":0,"comment_status":"closed","ping_status":"closed","template":"","meta":{"footnotes":""},"class_list":["post-269","page","type-page","status-publish","hentry"],"_links":{"self":[{"href":"https:\/\/imanzentrum.de\/index.php?rest_route=\/wp\/v2\/pages\/269","targetHints":{"allow":["GET"]}}],"collection":[{"href":"https:\/\/imanzentrum.de\/index.php?rest_route=\/wp\/v2\/pages"}],"about":[{"href":"https:\/\/imanzentrum.de\/index.php?rest_route=\/wp\/v2\/types\/page"}],"author":[{"embeddable":true,"href":"https:\/\/imanzentrum.de\/index.php?rest_route=\/wp\/v2\/users\/1"}],"replies":[{"embeddable":true,"href":"https:\/\/imanzentrum.de\/index.php?rest_route=%2Fwp%2Fv2%2Fcomments&post=269"}],"version-history":[{"count":1,"href":"https:\/\/imanzentrum.de\/index.php?rest_route=\/wp\/v2\/pages\/269\/revisions"}],"predecessor-version":[{"id":358,"href":"https:\/\/imanzentrum.de\/index.php?rest_route=\/wp\/v2\/pages\/269\/revisions\/358"}],"wp:attachment":[{"href":"https:\/\/imanzentrum.de\/index.php?rest_route=%2Fwp%2Fv2%2Fmedia&parent=269"}],"curies":[{"name":"wp","href":"https:\/\/api.w.org\/{rel}","templated":true}]}}